{"id":3,"date":"2022-12-17T09:30:01","date_gmt":"2022-12-17T09:30:01","guid":{"rendered":"https:\/\/distracted-antonelli.93-92-134-177.plesk.page\/?page_id=3"},"modified":"2025-02-04T17:28:29","modified_gmt":"2025-02-04T17:28:29","slug":"privacy-policy","status":"publish","type":"page","link":"https:\/\/fm-financial.de\/index.php\/privacy-policy\/","title":{"rendered":"Impressum"},"content":{"rendered":"\n<p><strong>Anschrift:<\/strong><br>f+m Financial GmbH<br>Maximilianstra\u00dfe 2<br>80539 M\u00fcnchen<\/p>\n\n\n\n<p><strong>Telefon:<\/strong><br>+49 (0) 89 20 500 8 5687<br><strong>Telefax:<\/strong><br>+49 (0) 89 20 500 8 150<\/p>\n\n\n\n<p><strong>Website:<\/strong><br>www.fm-financial.de<\/p>\n\n\n\n<p><strong>E-Mail:<\/strong><br>info@fm-financial.de<\/p>\n\n\n\n<p><strong>Gesch\u00e4ftsf\u00fchrer:<\/strong><br>Dipl.-Kfm. Thomas M\u00fchlberger<\/p>\n\n\n\n<p><strong>Registergericht:<\/strong><br>Amtsgericht M\u00fcnchen, HRB 25565<\/p>\n\n\n\n<p><strong>USt-IdNr.:<\/strong><br>DE274769062<\/p>\n\n\n\n<p><strong>Copyright<\/strong><\/p>\n\n\n\n<p>Copyright f\u00fcr alle Beitr\u00e4ge und Statistiken durch die f+m Financial GmbH,  alle Rechte vorbehalten. Das Internet-Angebot ist einschlie\u00dflich all seiner Teile urheberrechtlich gesch\u00fctzt. Jede Verwertung au\u00dferhalb der engen Grenzen des Urheberrechtsgesetzes ist ohne schriftliche Zustimmung der f+m Financial GmbH unzul\u00e4ssig und strafbar. Das gilt insbesondere f\u00fcr Vervielf\u00e4ltigungen, \u00dcbersetzungen, Mikroverfilmungen, Aufnahme in Online-Diensten und Internet-Angeboten und die Einspeicherung sowie Verarbeitung in elektronischen Systemen. <\/p>\n\n\n\n<p><\/p>\n\n\n\n<h3 class=\"wp-block-heading has-medium-font-size\">Haftung<\/h3>\n\n\n\n<p>F\u00fcr etwaige Satzfehler und die Richtigkeit der Eintr\u00e4ge auf dieser Website k\u00f6nnen wir trotz gr\u00f6\u00dfter Sorgfalt keine Gew\u00e4hr \u00fcbernehmen. Die Inhalte externer Webseiten, auf die wir einen Link gerichtet haben, wurden von uns sorgf\u00e4ltig gepr\u00fcft. F\u00fcr alle diese Links gilt: Wir erkl\u00e4ren ausdr\u00fccklich, dass wir keinerlei Einfluss auf die Gestaltung und die Inhalte der verlinkten Seiten haben. Deshalb distanzieren wir uns hiermit ausdr\u00fccklich von allen Inhalten aller verlinkten Seiten auf dieser Homepage und machen uns diese Inhalte nicht zu eigen. Diese Erkl\u00e4rung gilt f\u00fcr alle auf dieser Domain angezeigten Links und f\u00fcr alle Inhalte der Seiten, zu denen die hier angebrachten Links f\u00fchren.<\/p>\n","protected":false},"excerpt":{"rendered":"<p>Anschrift:f+m Financial GmbHMaximilianstra\u00dfe 280539 M\u00fcnchen Telefon:+49 (0) 89 20 500 8 5687Telefax:+49 (0) 89 20 500 8 150 Website:www.fm-financial.de E-Mail:info@fm-financial.de Gesch\u00e4ftsf\u00fchrer:Dipl.-Kfm. Thomas M\u00fchlberger Registergericht:Amtsgericht M\u00fcnchen, HRB 25565 USt-IdNr.:DE274769062 Copyright Copyright f\u00fcr alle Beitr\u00e4ge und Statistiken durch die f+m Financial GmbH, alle Rechte vorbehalten. Das Internet-Angebot ist einschlie\u00dflich all seiner Teile urheberrechtlich gesch\u00fctzt. Jede Verwertung au\u00dferhalb [&hellip;]<\/p>\n","protected":false},"author":1,"featured_media":0,"parent":0,"menu_order":0,"comment_status":"closed","ping_status":"open","template":"","meta":{"footnotes":""},"class_list":["post-3","page","type-page","status-publish","hentry"],"_links":{"self":[{"href":"https:\/\/fm-financial.de\/index.php\/wp-json\/wp\/v2\/pages\/3","targetHints":{"allow":["GET"]}}],"collection":[{"href":"https:\/\/fm-financial.de\/index.php\/wp-json\/wp\/v2\/pages"}],"about":[{"href":"https:\/\/fm-financial.de\/index.php\/wp-json\/wp\/v2\/types\/page"}],"author":[{"embeddable":true,"href":"https:\/\/fm-financial.de\/index.php\/wp-json\/wp\/v2\/users\/1"}],"replies":[{"embeddable":true,"href":"https:\/\/fm-financial.de\/index.php\/wp-json\/wp\/v2\/comments?post=3"}],"version-history":[{"count":11,"href":"https:\/\/fm-financial.de\/index.php\/wp-json\/wp\/v2\/pages\/3\/revisions"}],"predecessor-version":[{"id":173,"href":"https:\/\/fm-financial.de\/index.php\/wp-json\/wp\/v2\/pages\/3\/revisions\/173"}],"wp:attachment":[{"href":"https:\/\/fm-financial.de\/index.php\/wp-json\/wp\/v2\/media?parent=3"}],"curies":[{"name":"wp","href":"https:\/\/api.w.org\/{rel}","templated":true}]}}