{"id":44,"date":"2022-12-19T14:28:02","date_gmt":"2022-12-19T14:28:02","guid":{"rendered":"https:\/\/fm-financial.de\/?page_id=44"},"modified":"2025-01-03T13:54:52","modified_gmt":"2025-01-03T13:54:52","slug":"1-unterpunkt","status":"publish","type":"page","link":"https:\/\/fm-financial.de\/index.php\/investements\/1-unterpunkt\/","title":{"rendered":"Corporate Finance"},"content":{"rendered":"\n<p>Wir k\u00f6nnen Unternehmen durch unsere Finanzierungspartner auch in schwierigen F\u00e4llen auf der Suche nach Kapital erfolgreich unterst\u00fctzen<\/p>\n\n\n\n<p>Der Fokus liegt dabei auf Finanzierungsl\u00f6sungen au\u00dferhalb des klassischen Bankensektors <\/p>\n\n\n\n<p>Ebenso unterst\u00fctzen und beraten wir Unternehmen, insbesondere mit Kapitalmarktbezug, bei der Restrukturierung  auch in schwierigen F\u00e4llen<\/p>\n","protected":false},"excerpt":{"rendered":"<p>Wir k\u00f6nnen Unternehmen durch unsere Finanzierungspartner auch in schwierigen F\u00e4llen auf der Suche nach Kapital erfolgreich unterst\u00fctzen Der Fokus liegt dabei auf Finanzierungsl\u00f6sungen au\u00dferhalb des klassischen Bankensektors Ebenso unterst\u00fctzen und beraten wir Unternehmen, insbesondere mit Kapitalmarktbezug, bei der Restrukturierung auch in schwierigen F\u00e4llen<\/p>\n","protected":false},"author":1,"featured_media":0,"parent":41,"menu_order":1,"comment_status":"closed","ping_status":"closed","template":"","meta":{"footnotes":""},"class_list":["post-44","page","type-page","status-publish","hentry"],"_links":{"self":[{"href":"https:\/\/fm-financial.de\/index.php\/wp-json\/wp\/v2\/pages\/44","targetHints":{"allow":["GET"]}}],"collection":[{"href":"https:\/\/fm-financial.de\/index.php\/wp-json\/wp\/v2\/pages"}],"about":[{"href":"https:\/\/fm-financial.de\/index.php\/wp-json\/wp\/v2\/types\/page"}],"author":[{"embeddable":true,"href":"https:\/\/fm-financial.de\/index.php\/wp-json\/wp\/v2\/users\/1"}],"replies":[{"embeddable":true,"href":"https:\/\/fm-financial.de\/index.php\/wp-json\/wp\/v2\/comments?post=44"}],"version-history":[{"count":5,"href":"https:\/\/fm-financial.de\/index.php\/wp-json\/wp\/v2\/pages\/44\/revisions"}],"predecessor-version":[{"id":170,"href":"https:\/\/fm-financial.de\/index.php\/wp-json\/wp\/v2\/pages\/44\/revisions\/170"}],"up":[{"embeddable":true,"href":"https:\/\/fm-financial.de\/index.php\/wp-json\/wp\/v2\/pages\/41"}],"wp:attachment":[{"href":"https:\/\/fm-financial.de\/index.php\/wp-json\/wp\/v2\/media?parent=44"}],"curies":[{"name":"wp","href":"https:\/\/api.w.org\/{rel}","templated":true}]}}