{"id":64,"date":"2022-12-19T15:12:36","date_gmt":"2022-12-19T15:12:36","guid":{"rendered":"https:\/\/fm-financial.de\/?page_id=64"},"modified":"2023-03-22T14:09:19","modified_gmt":"2023-03-22T14:09:19","slug":"k-1-unterpunt","status":"publish","type":"page","link":"https:\/\/fm-financial.de\/index.php\/knowlage\/k-1-unterpunt\/","title":{"rendered":"Private Equity und Private Debt"},"content":{"rendered":"\n<p>Wir unterst\u00fctzen Unternehmen bei der Suche nach Kapital.<\/p>\n\n\n\n<p>Durch unser Netzwerk verf\u00fcgen wir \u00fcber eine Vielzahl von Kontakten mit einem Investmentfokus im Bereich Private Equity oder Private Debt.<\/p>\n\n\n\n<p>Der Fokus liegt auch auf KMU Unternehmen aus der DACH Region.<\/p>\n\n\n\n<p>Wir betreuen interessante Start-ups auf der Suche nach Wachstumskapital<\/p>\n","protected":false},"excerpt":{"rendered":"<p>Wir unterst\u00fctzen Unternehmen bei der Suche nach Kapital. Durch unser Netzwerk verf\u00fcgen wir \u00fcber eine Vielzahl von Kontakten mit einem Investmentfokus im Bereich Private Equity oder Private Debt. Der Fokus liegt auch auf KMU Unternehmen aus der DACH Region. Wir betreuen interessante Start-ups auf der Suche nach Wachstumskapital<\/p>\n","protected":false},"author":1,"featured_media":0,"parent":46,"menu_order":0,"comment_status":"closed","ping_status":"closed","template":"","meta":{"footnotes":""},"class_list":["post-64","page","type-page","status-publish","hentry"],"_links":{"self":[{"href":"https:\/\/fm-financial.de\/index.php\/wp-json\/wp\/v2\/pages\/64","targetHints":{"allow":["GET"]}}],"collection":[{"href":"https:\/\/fm-financial.de\/index.php\/wp-json\/wp\/v2\/pages"}],"about":[{"href":"https:\/\/fm-financial.de\/index.php\/wp-json\/wp\/v2\/types\/page"}],"author":[{"embeddable":true,"href":"https:\/\/fm-financial.de\/index.php\/wp-json\/wp\/v2\/users\/1"}],"replies":[{"embeddable":true,"href":"https:\/\/fm-financial.de\/index.php\/wp-json\/wp\/v2\/comments?post=64"}],"version-history":[{"count":4,"href":"https:\/\/fm-financial.de\/index.php\/wp-json\/wp\/v2\/pages\/64\/revisions"}],"predecessor-version":[{"id":139,"href":"https:\/\/fm-financial.de\/index.php\/wp-json\/wp\/v2\/pages\/64\/revisions\/139"}],"up":[{"embeddable":true,"href":"https:\/\/fm-financial.de\/index.php\/wp-json\/wp\/v2\/pages\/46"}],"wp:attachment":[{"href":"https:\/\/fm-financial.de\/index.php\/wp-json\/wp\/v2\/media?parent=64"}],"curies":[{"name":"wp","href":"https:\/\/api.w.org\/{rel}","templated":true}]}}