{"id":69,"date":"2022-12-19T15:13:15","date_gmt":"2022-12-19T15:13:15","guid":{"rendered":"https:\/\/fm-financial.de\/?page_id=69"},"modified":"2025-04-16T10:41:56","modified_gmt":"2025-04-16T10:41:56","slug":"k-2unterpunkt","status":"publish","type":"page","link":"https:\/\/fm-financial.de\/index.php\/knowlage\/k-2unterpunkt\/","title":{"rendered":"Anleihen"},"content":{"rendered":"\n<p>Der Fokus liegt hier im Bereich von Anleihen mittelst\u00e4ndischer Unternehmen aus dem deutschsprachigen Raum.<\/p>\n\n\n\n<p>in diesem Bereich gibt es f\u00fcr interessierte Investoren immer attraktive Emissionen<\/p>\n\n\n\n<p>Hier k\u00f6nnen f\u00fcr interessierte Investoren auch Off-Market Transaktionen zusammen mit ausgew\u00e4hlten Partnern strukturiert und arrangiert werden<\/p>\n\n\n\n<p>Wir beraten und vertreten auch Investoren von Anleihen im Umfeld von Restrukturierungsma\u00dfnahmen und vertreten ihre Interessen bei Gl\u00e4ubigerversammlungen mit dem Ziel einer bestm\u00f6glichen Umsetzung ihrer   Interessen<\/p>\n","protected":false},"excerpt":{"rendered":"<p>Der Fokus liegt hier im Bereich von Anleihen mittelst\u00e4ndischer Unternehmen aus dem deutschsprachigen Raum. in diesem Bereich gibt es f\u00fcr interessierte Investoren immer attraktive Emissionen Hier k\u00f6nnen f\u00fcr interessierte Investoren auch Off-Market Transaktionen zusammen mit ausgew\u00e4hlten Partnern strukturiert und arrangiert werden Wir beraten und vertreten auch Investoren von Anleihen im Umfeld von Restrukturierungsma\u00dfnahmen und vertreten [&hellip;]<\/p>\n","protected":false},"author":1,"featured_media":0,"parent":46,"menu_order":0,"comment_status":"closed","ping_status":"closed","template":"","meta":{"footnotes":""},"class_list":["post-69","page","type-page","status-publish","hentry"],"_links":{"self":[{"href":"https:\/\/fm-financial.de\/index.php\/wp-json\/wp\/v2\/pages\/69","targetHints":{"allow":["GET"]}}],"collection":[{"href":"https:\/\/fm-financial.de\/index.php\/wp-json\/wp\/v2\/pages"}],"about":[{"href":"https:\/\/fm-financial.de\/index.php\/wp-json\/wp\/v2\/types\/page"}],"author":[{"embeddable":true,"href":"https:\/\/fm-financial.de\/index.php\/wp-json\/wp\/v2\/users\/1"}],"replies":[{"embeddable":true,"href":"https:\/\/fm-financial.de\/index.php\/wp-json\/wp\/v2\/comments?post=69"}],"version-history":[{"count":6,"href":"https:\/\/fm-financial.de\/index.php\/wp-json\/wp\/v2\/pages\/69\/revisions"}],"predecessor-version":[{"id":178,"href":"https:\/\/fm-financial.de\/index.php\/wp-json\/wp\/v2\/pages\/69\/revisions\/178"}],"up":[{"embeddable":true,"href":"https:\/\/fm-financial.de\/index.php\/wp-json\/wp\/v2\/pages\/46"}],"wp:attachment":[{"href":"https:\/\/fm-financial.de\/index.php\/wp-json\/wp\/v2\/media?parent=69"}],"curies":[{"name":"wp","href":"https:\/\/api.w.org\/{rel}","templated":true}]}}